{"id":103,"date":"2020-09-13T14:58:56","date_gmt":"2020-09-13T14:58:56","guid":{"rendered":"http:\/\/www.trenujzkacha.pl\/?page_id=103"},"modified":"2021-12-01T10:26:35","modified_gmt":"2021-12-01T09:26:35","slug":"magister-fizjoterapii-trener-personalny-oraz-doradca-zywieniowy","status":"publish","type":"page","link":"https:\/\/www.trenujzkacha.pl\/","title":{"rendered":"O mnie"},"content":{"rendered":"\n<div class=\"wp-block-image is-style-rounded\"><figure class=\"alignleft size-thumbnail\"><img loading=\"lazy\" decoding=\"async\" width=\"150\" height=\"150\" src=\"http:\/\/www.trenujzkacha.pl\/wp-content\/uploads\/2020\/09\/IMG_3648-1-150x150.jpeg\" alt=\"\" class=\"wp-image-110\" srcset=\"https:\/\/www.trenujzkacha.pl\/wp-content\/uploads\/2020\/09\/IMG_3648-1-150x150.jpeg 150w, https:\/\/www.trenujzkacha.pl\/wp-content\/uploads\/2020\/09\/IMG_3648-1-300x300.jpeg 300w, https:\/\/www.trenujzkacha.pl\/wp-content\/uploads\/2020\/09\/IMG_3648-1-75x75.jpeg 75w\" sizes=\"auto, (max-width: 150px) 100vw, 150px\" \/><\/figure><\/div>\n\n\n\n<p>Magister Fizjoterapii, Trener Personalny oraz Doradca \u017bywieniowy.<\/p>\n\n\n\n<br>\n<br>\n\n\n\n<p style=\"font-size:17px\">Jestem osob\u0105 dla kt\u00f3rej praca jest pasj\u0105. Studia magisterskie z fizjoterapii, pozwoli\u0142y mi na zdobycie wiedzy dotycz\u0105cej budowy oraz funkcjonowania ludzkiego cia\u0142a. Po uko\u0144czeniu studi\u00f3w rozpocz\u0119\u0142am prowadzenie gabinetu rehabilitacji i masa\u017cu&nbsp; \u201eBio-Vita\u201d. Pozwoli\u0142o mi to na pog\u0142\u0119bienie zdobytej wiedzy i nabranie do\u015bwiadczenia praktycznego. W mi\u0119dzy czasie pojawi\u0142a si\u0119 pasja zwi\u0105zana ze zdrowym stylem \u017cycia, dietetyk\u0105 a tak\u017ce aktywno\u015bci\u0105 fizyczn\u0105. Dzi\u0119ki temu uko\u0144czy\u0142am kilka kurs\u00f3w w tym kierunku i ci\u0105gle si\u0119 szkol\u0119 aby by\u0107 jeszcze lepsz\u0105.&nbsp;Po\u0142\u0105czenie rehabilitacji oraz treningu daj\u0119 pozytywne efekty w leczeniu kontuzji, dolegliwo\u015bci b\u00f3lowych staw\u00f3w lub kr\u0119gos\u0142upa. Trening to nie tylko odchudzanie czy poprawa sylwetki, ale tak\u017ce poprawa jako\u015bci i komfortu \u017cycia oraz powr\u00f3t do pe\u0142nej sprawno\u015bci po urazach i kontuzjach. <\/p>\n\n\n\n<p style=\"font-size:17px\"> Dla mnie nie ma rzeczy nie mo\u017cliwych \ud83d\ude42 Przyjd\u017a i um\u00f3w si\u0119 na wsp\u00f3lny treningi a poka\u017ce ci jak w bezpieczny, przyjemny i \u0142atwy spos\u00f3b mo\u017cesz osi\u0105gn\u0105\u0107 swoje marzenia.&nbsp;<\/p>\n\n\n\n<p><\/p>\n\n\n\n<p class=\"has-text-align-center\" style=\"font-size:23px\"><strong><em>Kursy i Szkolenia<\/em><\/strong><\/p>\n\n\n\n<ul class=\"wp-block-list\"><li>Magister Fizjoterapii &#8211; AWF Katowice<\/li><li>PFS Gym Instructor, PFS Personal Trainer &#8211; ProFi Fitness School&nbsp;<\/li><li>Dietetyka i Suplementacja Poziom I-IV &#8211; Mauricz Training Center<\/li><li>PFS Cross Training,&nbsp;<\/li><li>Professional Mobility Instructor&nbsp;<\/li><li>Professional Kettlebells Training Instructor<\/li><li>Medical Personal Trainer &#8211; Trening kobiet w ci\u0105\u017cy<\/li><li>PFS Dietetyka i Suplementacja modu\u0142 Base, fat burner, sport, active. Ko\u0144cz\u0105ce si\u0119 egzaminem i uzyskaniem tytu\u0142u Doradcy \u017bywieniowego.&nbsp;<\/li><li>Masa\u017ce ( leczniczy II stopnia, gor\u0105cymi kamieniami. Siatsu. Antycellulitowy i ba\u0144kami chi\u0144skimi),<\/li><li>PFS Fitness Group Instructor<\/li><li>PFS Stretching Instructor<\/li><li>PFS Choreografia Fitness<\/li><li>PFS Step Instructor Level I<\/li><\/ul>\n","protected":false},"excerpt":{"rendered":"<p>Magister Fizjoterapii, Trener Personalny oraz Doradca \u017bywieniowy. Jestem osob\u0105 dla kt\u00f3rej praca jest pasj\u0105. Studia magisterskie z fizjoterapii, pozwoli\u0142y mi na zdobycie wiedzy dotycz\u0105cej budowy oraz funkcjonowania ludzkiego cia\u0142a. Po uko\u0144czeniu studi\u00f3w rozpocz\u0119\u0142am prowadzenie gabinetu rehabilitacji i masa\u017cu&nbsp; \u201eBio-Vita\u201d. Pozwoli\u0142o mi to na pog\u0142\u0119bienie zdobytej wiedzy i nabranie do\u015bwiadczenia praktycznego. W mi\u0119dzy czasie pojawi\u0142a si\u0119 pasja zwi\u0105zana ze zdrowym stylem \u017cycia, dietetyk\u0105 a tak\u017ce aktywno\u015bci\u0105 fizyczn\u0105. Dzi\u0119ki temu uko\u0144czy\u0142am kilka kurs\u00f3w w tym kierunku i ci\u0105gle si\u0119 szkol\u0119 aby by\u0107 jeszcze lepsz\u0105.&nbsp;Po\u0142\u0105czenie rehabilitacji oraz treningu daj\u0119 pozytywne efekty w leczeniu kontuzji, dolegliwo\u015bci b\u00f3lowych staw\u00f3w lub kr\u0119gos\u0142upa. Trening to nie tylko odchudzanie czy poprawa sylwetki, ale tak\u017ce poprawa jako\u015bci i komfortu \u017cycia oraz powr\u00f3t do pe\u0142nej sprawno\u015bci po urazach i kontuzjach. Dla mnie nie ma rzeczy nie mo\u017cliwych \ud83d\ude42 Przyjd\u017a i um\u00f3w si\u0119 na wsp\u00f3lny treningi a poka\u017ce ci jak w bezpieczny, przyjemny i \u0142atwy spos\u00f3b mo\u017cesz osi\u0105gn\u0105\u0107 swoje marzenia.&nbsp; Kursy i Szkolenia Magister Fizjoterapii &#8211; AWF Katowice PFS Gym Instructor, PFS Personal Trainer &#8211; ProFi Fitness School&nbsp; Dietetyka i Suplementacja Poziom I-IV &#8211; Mauricz Training Center PFS Cross Training,&nbsp; Professional Mobility Instructor&nbsp; Professional Kettlebells Training Instructor Medical Personal Trainer &#8211; Trening kobiet w ci\u0105\u017cy PFS Dietetyka i Suplementacja modu\u0142 Base, fat burner, sport, active. Ko\u0144cz\u0105ce si\u0119 egzaminem i uzyskaniem tytu\u0142u Doradcy \u017bywieniowego.&nbsp; Masa\u017ce ( leczniczy II stopnia, gor\u0105cymi kamieniami. Siatsu. Antycellulitowy i ba\u0144kami chi\u0144skimi), PFS Fitness Group Instructor PFS Stretching Instructor PFS Choreografia Fitness PFS Step Instructor Level I<\/p>\n","protected":false},"author":1,"featured_media":0,"parent":0,"menu_order":0,"comment_status":"closed","ping_status":"closed","template":"","meta":{"footnotes":""},"class_list":["post-103","page","type-page","status-publish","hentry"],"_links":{"self":[{"href":"https:\/\/www.trenujzkacha.pl\/index.php?rest_route=\/wp\/v2\/pages\/103","targetHints":{"allow":["GET"]}}],"collection":[{"href":"https:\/\/www.trenujzkacha.pl\/index.php?rest_route=\/wp\/v2\/pages"}],"about":[{"href":"https:\/\/www.trenujzkacha.pl\/index.php?rest_route=\/wp\/v2\/types\/page"}],"author":[{"embeddable":true,"href":"https:\/\/www.trenujzkacha.pl\/index.php?rest_route=\/wp\/v2\/users\/1"}],"replies":[{"embeddable":true,"href":"https:\/\/www.trenujzkacha.pl\/index.php?rest_route=%2Fwp%2Fv2%2Fcomments&post=103"}],"version-history":[{"count":5,"href":"https:\/\/www.trenujzkacha.pl\/index.php?rest_route=\/wp\/v2\/pages\/103\/revisions"}],"predecessor-version":[{"id":331,"href":"https:\/\/www.trenujzkacha.pl\/index.php?rest_route=\/wp\/v2\/pages\/103\/revisions\/331"}],"wp:attachment":[{"href":"https:\/\/www.trenujzkacha.pl\/index.php?rest_route=%2Fwp%2Fv2%2Fmedia&parent=103"}],"curies":[{"name":"wp","href":"https:\/\/api.w.org\/{rel}","templated":true}]}}